{"id":64,"date":"2024-09-11T21:03:49","date_gmt":"2024-09-11T21:03:49","guid":{"rendered":"https:\/\/servicioswebmx.com\/ios\/?page_id=64"},"modified":"2026-04-10T20:02:35","modified_gmt":"2026-04-10T20:02:35","slug":"gruperaradio","status":"publish","type":"page","link":"https:\/\/servicioswebmx.com\/ios\/gruperaradio\/","title":{"rendered":"Grupera Radio"},"content":{"rendered":"<p>[et_pb_section fb_built=&#8221;1&#8243; _builder_version=&#8221;4.24.0&#8243; _module_preset=&#8221;default&#8221; background_color=&#8221;#000000&#8243; custom_padding=&#8221;17px||0px|||&#8221; global_colors_info=&#8221;{}&#8221;][et_pb_row _builder_version=&#8221;4.24.0&#8243; _module_preset=&#8221;default&#8221; width=&#8221;100%&#8221; max_width=&#8221;1200px&#8221; module_alignment=&#8221;center&#8221; custom_padding=&#8221;13px||0px|||&#8221; global_colors_info=&#8221;{}&#8221;][et_pb_column type=&#8221;4_4&#8243; _builder_version=&#8221;4.24.0&#8243; _module_preset=&#8221;default&#8221; global_colors_info=&#8221;{}&#8221;][et_pb_image src=&#8221;https:\/\/servicioswebmx.com\/ios\/wp-content\/uploads\/2026\/04\/logo-grupera-radio-26-600.png&#8221; align=&#8221;center&#8221; _builder_version=&#8221;4.27.4&#8243; _module_preset=&#8221;default&#8221; custom_margin=&#8221;||11px|||&#8221; custom_padding=&#8221;42px||32px|||&#8221; hover_enabled=&#8221;0&#8243; global_colors_info=&#8221;{}&#8221; sticky_enabled=&#8221;0&#8243;][\/et_pb_image][\/et_pb_column][\/et_pb_row][et_pb_row _builder_version=&#8221;4.24.0&#8243; _module_preset=&#8221;default&#8221; width=&#8221;95%&#8221; max_width=&#8221;1150px&#8221; module_alignment=&#8221;center&#8221; custom_padding=&#8221;||12px|||&#8221; global_colors_info=&#8221;{}&#8221;][et_pb_column type=&#8221;4_4&#8243; _builder_version=&#8221;4.24.0&#8243; _module_preset=&#8221;default&#8221; global_colors_info=&#8221;{}&#8221;][et_pb_text _builder_version=&#8221;4.24.0&#8243; _module_preset=&#8221;default&#8221; text_font=&#8221;Actor|700|||||||&#8221; text_text_color=&#8221;#FFFFFF&#8221; text_font_size=&#8221;26px&#8221; text_line_height=&#8221;1.6em&#8221; custom_margin=&#8221;||6px|||&#8221; global_colors_info=&#8221;{}&#8221;]<\/p>\n<p>Escuchas<br \/>GRUPERA RADIO 103.5 FM<\/p>\n<p>[\/et_pb_text][\/et_pb_column][\/et_pb_row][et_pb_row _builder_version=&#8221;4.24.0&#8243; _module_preset=&#8221;default&#8221; width=&#8221;100%&#8221; max_width=&#8221;1200px&#8221; module_alignment=&#8221;center&#8221; custom_padding=&#8221;9px||42px|||&#8221; global_colors_info=&#8221;{}&#8221;][et_pb_column type=&#8221;4_4&#8243; _builder_version=&#8221;4.24.0&#8243; _module_preset=&#8221;default&#8221; global_colors_info=&#8221;{}&#8221;][et_pb_code _builder_version=&#8221;4.24.0&#8243; _module_preset=&#8221;default&#8221; custom_margin=&#8221;-10px||||false|false&#8221; global_colors_info=&#8221;{}&#8221;]<article id=\"arbitrary-instance-69dacf5022904\" class=\"iron_widget_radio\"><style id=\"srp-widget-player-style\">#arbitrary-instance-69dacf5022904 .iron-audioplayer {border-radius:10px;overflow:hidden;}#arbitrary-instance-69dacf5022904 .srp_meta, #arbitrary-instance-69dacf5022904 .srp_meta.album-title {color:#000000;}#arbitrary-instance-69dacf5022904 .control div, #arbitrary-instance-69dacf5022904 .control i, #arbitrary-instance-69dacf5022904 .srp-play-button .sricon-play, #arbitrary-instance-69dacf5022904 .album-player .srp_noteButton {color:#f4d211;}#arbitrary-instance-69dacf5022904 .control .play, #arbitrary-instance-69dacf5022904 .srp-play-circle, #arbitrary-instance-69dacf5022904 .sr_speedRate div {border-color:#f4d211;}#arbitrary-instance-69dacf5022904 .srp_player_boxed, #arbitrary-instance-69dacf5022904 .skin_floated .album-player {background-color:#000000;}#arbitrary-instance-69dacf5022904 .sr_progressbar .sonaar_fake_wave, #arbitrary-instance-69dacf5022904 .sr_progressbar .sonaar_wave_base, #arbitrary-instance-69dacf5022904 .sr_progressbar .sonaar_wave_cut {height:90px!important;}#arbitrary-instance-69dacf5022904 .playlist .song-store-list-menu .fa-ellipsis-v, #arbitrary-instance-69dacf5022904 .store-list .srp_ellipsis {color:#6e44ff;}<\/style><div class=\"iron-audioplayer  sonaar-no-artwork playlist_has_no_ctas\" id=\"arbitrary-instance-69dacf5022904-af91597b5b\" data-id=\"arbitrary-instance-69dacf5022904\" data-track-sw-cursor=\"\" data-lazyload=\"\" data-albums=\"64\" data-category=\"\" data-url-playlist=\"https:\/\/servicioswebmx.com\/ios\/?load=playlist.json&#038;title=&#038;albums=64&#038;category=&#038;posts_not_in=&#038;category_not_in=&#038;author=&#038;feed_title=.&#038;feed=https:\/\/streaming.servicioswebmx.com\/8134\/stream&#038;feed_img=&#038;el_widget_id=&#038;artwork=&#038;posts_per_pages=-1&#038;all_category=&#038;single_playlist=&#038;reverse_tracklist=&#038;audio_meta_field=&#038;repeater_meta_field=&#038;import_file=&#038;rss_items=-1&#038;rss_item_title=&#038;is_favorite=&#038;is_recentlyplayed=&#038;srp_order=date_DESC\" data-sticky-player=\"0\" data-shuffle=\"false\" data-playlist_title=\"\" data-scrollbar=\"\" data-wave-color=\"#f2f2f2\" data-wave-progress-color=\"#f5f900\" data-spectro=\"\" data-no-wave=\"0\" data-hide-progressbar=\"\" data-progress-bar-style=\"\"data-feedurl=\"1\" data-notrackskip=\"\" data-no-loop-tracklist=\"\" data-playertemplate =\"skin_boxed_tracklist\" data-hide-artwork =\"1\" data-speedrate=\"1\"  data-tracks-per-page=\"\" data-pagination_scroll_offset=\"\" data-adaptive-colors=\"\" data-adaptive-colors-freeze=\"\" style=\"opacity:0;\"><div class=\"srp_player_boxed srp_player_grid\"><div class=\"album-player sr_waveform_mediaElement\" data-wave-bar-width=\"1\" data-wave-bar-gap=\"1\"><div class=\"srp_miniplayer_metas\"><div class=\" srp_meta srp_meta_0 track-title\" data-prefix=\"\" aria-label=\"Track title\"><\/div><\/div><div class=\"srp_subtitle\"><\/div><div class=\"srp_player_meta\"><\/div><div class=\"srp_control_box\">\n            <div role=\"button\" tabindex=\"0\" class=\"srp-play-button play\" href=\"#\" aria-label=\"Play\">\n                <i class=\"sricon-play\"><\/i>\n                <div class=\"srp-play-circle\"><\/div>\n            <\/div><div class=\"srp_wave_box\"> <div class=\"player \" ><div class=\"sr_progressbar\">\n                \n            <div class=\"currentTime\">00:00<\/div>\n         \n                <div id=\"arbitrary-instance-69dacf5022904-47996e146a-wave\" class=\"wave\" >\n                 \n        <div class=\"sonaar_fake_wave\" style=\"height:70px\"> \n            <audio src=\"\" class=\"sonaar_media_element\"><\/audio> \n            <div class=\"sonaar_wave_base\"> \n                <canvas id=\"sonaar_wave_base_canvas\" class=\"\" height=\"70\" width=\"2540\"><\/canvas> \n                <svg><\/svg> \n            <\/div> \n            <div class=\"sonaar_wave_cut\"> \n                <canvas id=\"sonaar_wave_cut_canvas\" class=\"\" height=\"70\" width=\"2540\"><\/canvas> \n                <svg><\/svg> \n            <\/div> \n        <\/div> \n                <\/div>\n                \n            <div class=\"totalTime\"><\/div>\n         \n             <\/div><\/div><div class=\"srp_main_control\"><div class=\"control\"><div role=\"button\" tabindex=\"0\" class=\"play\" style=\"opacity:0;\" aria-label=\"Play\" title=\"\">\n                <i class=\"sricon-play\"><\/i>\n            <\/div><div class=\"srp_track_cta\"><\/div><\/div><\/div><\/div><\/div><\/div><\/div><div class=\"playlist sr_waveform_mediaElement\"  id=\"playlist_arbitrary-instance-69dacf5022904\"><div class=\"srp_tracklist\"><ul class=\"srp_list\"><li \n            class=\"sr-playlist-item\" \n            data-audiopath=\"https:\/\/streaming.servicioswebmx.com\/8134\/stream\"\n            data-showloading=\"1\"\n            data-albumTitle=\"\"\n            data-albumArt=\"\"\n            data-releasedate=\"\"\n            data-date=\"\"\n            data-date-formated=\"\"\n            data-show-date=\"\"\n            data-trackTitle=\".\"\n            data-artist=\"\"\n            data-trackID=\"\"\n            data-trackTime=\"\"\n            data-relatedTrack=\"\"\n            data-post-url=\"\"\n            data-post-id=\"\"\n            data-track-pos=\"0\"\n            data-peakFile=\"https:\/\/servicioswebmx.com\/ios\/wp-content\/uploads\/audio_peaks\/stream.peak\"\n            data-peakFile-allow=\"name\"\n            data-is-preview=\"\"\n            data-track-lyric=\"\"><div class=\"sr-playlist-item-flex\"><span class=\"store-list\"><\/span><\/div><div class=\"srp_track_description\"><\/div><\/li><\/ul><\/div><\/div><div class=\"album-store\"><\/div><\/div><script id=\"srp_js_params_69dacf5022904\">\n        var srp_player_params_69dacf5022904 = {\"title\":\"\",\"store_title_text\":\"\",\"albums\":[],\"hide_artwork\":\"true\",\"sticky_player\":0,\"show_album_market\":0,\"show_track_market\":\"true\",\"hide_timeline\":0,\"feed\":\"https:\\\/\\\/streaming.servicioswebmx.com\\\/8134\\\/stream\",\"feed_title\":\".\",\"progress_bar_style\":\"default\",\"wave_bar_width\":\"1\",\"wave_bar_gap\":\"1\",\"wave_color\":\"#f2f2f2\",\"wave_progress_color\":\"#f5f900\",\"player_layout\":\"skin_boxed_tracklist\",\"player_metas\":\"meta_track_title::div\",\"css\":\".iron-audioplayer{border-radius:10px;overflow:hidden;}.srp_meta, .srp_meta.album-title{color:#000000;}.control div, .control i, .srp-play-button .sricon-play, .album-player .srp_noteButton{color:#f4d211;}.control .play, .srp-play-circle, .sr_speedRate div{border-color:#f4d211;}.srp_player_boxed, .skin_floated .album-player{background-color:#000000;}.sr_progressbar .sonaar_fake_wave, .sr_progressbar .sonaar_wave_base, .sr_progressbar .sonaar_wave_cut{height:90px!important;}.playlist .song-store-list-menu .fa-ellipsis-v, .store-list .srp_ellipsis{color:#6e44ff;}\",\"orderby\":\"date\",\"order\":\"DESC\",\"use_play_label_with_icon\":\"false\",\"main_settings\":\"||\"} \n        var srp_player_params_args_69dacf5022904 = {\"before_widget\":\"<article id=\\\"arbitrary-instance-69dacf5022904\\\" class=\\\"iron_widget_radio\\\">\",\"after_widget\":\"<\\\/article>\",\"before_title\":\"<span class='heading-t3'><\\\/span><h3 class=\\\"widgettitle\\\">\",\"after_title\":\"<\\\/h3>\",\"widget_id\":\"arbitrary-instance-69dacf5022904\"}  \n        <\/script><script>if(typeof setIronAudioplayers !== \"undefined\"){ setIronAudioplayers(\"arbitrary-instance-69dacf5022904\"); }<\/script><\/article>[\/et_pb_code][\/et_pb_column][\/et_pb_row][et_pb_row _builder_version=&#8221;4.24.0&#8243; _module_preset=&#8221;default&#8221; width=&#8221;100%&#8221; max_width=&#8221;1200px&#8221; module_alignment=&#8221;center&#8221; custom_padding=&#8221;||56px|||&#8221; global_colors_info=&#8221;{}&#8221;][et_pb_column type=&#8221;4_4&#8243; _builder_version=&#8221;4.24.0&#8243; _module_preset=&#8221;default&#8221; global_colors_info=&#8221;{}&#8221;][et_pb_text _builder_version=&#8221;4.24.0&#8243; _module_preset=&#8221;default&#8221; text_font=&#8221;Actor||||||||&#8221; text_text_color=&#8221;#FFFFFF&#8221; text_font_size=&#8221;16px&#8221; text_orientation=&#8221;center&#8221; global_colors_info=&#8221;{}&#8221;]<\/p>\n<p><strong>Grupera Radio 103.5 FM, Emitiendo desde la ciudad de Quer\u00e9taro, M\u00e9xico.<br \/><\/strong>Gracias por escuchar nuestra se\u00f1al de radio, disfruta de nuestra programaci\u00f3n de la mejor m\u00fasica del g\u00e9nero grupero, programas, promociones y m\u00e1s contenido auditivo, en cualquier parte del pa\u00eds y el mundo puedes escucharnos.<\/p>\n<p><span style=\"color: #ffff00;\"><strong>Derechos Reservados 2024 Grupera Radio 103.5 FM<\/strong><\/span><\/p>\n<p>[\/et_pb_text][\/et_pb_column][\/et_pb_row][\/et_pb_section]<\/p>\n","protected":false},"excerpt":{"rendered":"<p>EscuchasGRUPERA RADIO 103.5 FM<article id=\"arbitrary-instance-69dacf503dad7\" class=\"iron_widget_radio\"><style id=\"srp-widget-player-style\">#arbitrary-instance-69dacf503dad7 .iron-audioplayer {border-radius:10px;overflow:hidden;}#arbitrary-instance-69dacf503dad7 .srp_meta, #arbitrary-instance-69dacf503dad7 .srp_meta.album-title {color:#000000;}#arbitrary-instance-69dacf503dad7 .control div, #arbitrary-instance-69dacf503dad7 .control i, #arbitrary-instance-69dacf503dad7 .srp-play-button .sricon-play, #arbitrary-instance-69dacf503dad7 .album-player .srp_noteButton {color:#f4d211;}#arbitrary-instance-69dacf503dad7 .control .play, #arbitrary-instance-69dacf503dad7 .srp-play-circle, #arbitrary-instance-69dacf503dad7 .sr_speedRate div {border-color:#f4d211;}#arbitrary-instance-69dacf503dad7 .srp_player_boxed, #arbitrary-instance-69dacf503dad7 .skin_floated .album-player {background-color:#000000;}#arbitrary-instance-69dacf503dad7 .sr_progressbar .sonaar_fake_wave, #arbitrary-instance-69dacf503dad7 .sr_progressbar .sonaar_wave_base, #arbitrary-instance-69dacf503dad7 .sr_progressbar .sonaar_wave_cut {height:90px!important;}#arbitrary-instance-69dacf503dad7 .playlist .song-store-list-menu .fa-ellipsis-v, #arbitrary-instance-69dacf503dad7 .store-list .srp_ellipsis {color:#6e44ff;}<\/style><div class=\"iron-audioplayer  sonaar-no-artwork playlist_has_no_ctas\" id=\"arbitrary-instance-69dacf503dad7-c8853ffab1\" data-id=\"arbitrary-instance-69dacf503dad7\" data-track-sw-cursor=\"\" data-lazyload=\"\" data-albums=\"64\" data-category=\"\" data-url-playlist=\"https:\/\/servicioswebmx.com\/ios\/?load=playlist.json&#038;title=&#038;albums=64&#038;category=&#038;posts_not_in=&#038;category_not_in=&#038;author=&#038;feed_title=.&#038;feed=https:\/\/streaming.servicioswebmx.com\/8134\/stream&#038;feed_img=&#038;el_widget_id=&#038;artwork=&#038;posts_per_pages=-1&#038;all_category=&#038;single_playlist=&#038;reverse_tracklist=&#038;audio_meta_field=&#038;repeater_meta_field=&#038;import_file=&#038;rss_items=-1&#038;rss_item_title=&#038;is_favorite=&#038;is_recentlyplayed=&#038;srp_order=date_DESC\" data-sticky-player=\"0\" data-shuffle=\"false\" data-playlist_title=\"\" data-scrollbar=\"\" data-wave-color=\"#f2f2f2\" data-wave-progress-color=\"#f5f900\" data-spectro=\"\" data-no-wave=\"0\" data-hide-progressbar=\"\" data-progress-bar-style=\"\"data-feedurl=\"1\" data-notrackskip=\"\" data-no-loop-tracklist=\"\" data-playertemplate =\"skin_boxed_tracklist\" data-hide-artwork =\"1\" data-speedrate=\"1\"  data-tracks-per-page=\"\" data-pagination_scroll_offset=\"\" data-adaptive-colors=\"\" data-adaptive-colors-freeze=\"\" style=\"opacity:0;\"><div class=\"srp_player_boxed srp_player_grid\"><div class=\"album-player sr_waveform_mediaElement\" data-wave-bar-width=\"1\" data-wave-bar-gap=\"1\"><div class=\"srp_miniplayer_metas\"><div class=\" srp_meta srp_meta_0 track-title\" data-prefix=\"\" aria-label=\"Track title\"><\/div><\/div><div class=\"srp_subtitle\"><\/div><div class=\"srp_player_meta\"><\/div><div class=\"srp_control_box\">\n            <div role=\"button\" tabindex=\"0\" class=\"srp-play-button play\" href=\"#\" aria-label=\"Play\">\n                <i class=\"sricon-play\"><\/i>\n                <div class=\"srp-play-circle\"><\/div>\n            <\/div><div class=\"srp_wave_box\"> <div class=\"player \" ><div class=\"sr_progressbar\">\n                \n            <div class=\"currentTime\">00:00<\/div>\n         \n                <div id=\"arbitrary-instance-69dacf503dad7-0a33118558-wave\" class=\"wave\" >\n                 \n        <div class=\"sonaar_fake_wave\" style=\"height:70px\"> \n            <audio src=\"\" class=\"sonaar_media_element\"><\/audio> \n            <div class=\"sonaar_wave_base\"> \n                <canvas id=\"sonaar_wave_base_canvas\" class=\"\" height=\"70\" width=\"2540\"><\/canvas> \n                <svg><\/svg> \n            <\/div> \n            <div class=\"sonaar_wave_cut\"> \n                <canvas id=\"sonaar_wave_cut_canvas\" class=\"\" height=\"70\" width=\"2540\"><\/canvas> \n                <svg><\/svg> \n            <\/div> \n        <\/div> \n                <\/div>\n                \n            <div class=\"totalTime\"><\/div>\n         \n             <\/div><\/div><div class=\"srp_main_control\"><div class=\"control\"><div role=\"button\" tabindex=\"0\" class=\"play\" style=\"opacity:0;\" aria-label=\"Play\" title=\"\">\n                <i class=\"sricon-play\"><\/i>\n            <\/div><div class=\"srp_track_cta\"><\/div><\/div><\/div><\/div><\/div><\/div><\/div><div class=\"playlist sr_waveform_mediaElement\"  id=\"playlist_arbitrary-instance-69dacf503dad7\"><div class=\"srp_tracklist\"><ul class=\"srp_list\"><li \n            class=\"sr-playlist-item\" \n            data-audiopath=\"https:\/\/streaming.servicioswebmx.com\/8134\/stream\"\n            data-showloading=\"1\"\n            data-albumTitle=\"\"\n            data-albumArt=\"\"\n            data-releasedate=\"\"\n            data-date=\"\"\n            data-date-formated=\"\"\n            data-show-date=\"\"\n            data-trackTitle=\".\"\n            data-artist=\"\"\n            data-trackID=\"\"\n            data-trackTime=\"\"\n            data-relatedTrack=\"\"\n            data-post-url=\"\"\n            data-post-id=\"\"\n            data-track-pos=\"0\"\n            data-peakFile=\"https:\/\/servicioswebmx.com\/ios\/wp-content\/uploads\/audio_peaks\/stream.peak\"\n            data-peakFile-allow=\"name\"\n            data-is-preview=\"\"\n            data-track-lyric=\"\"><div class=\"sr-playlist-item-flex\"><span class=\"store-list\"><\/span><\/div><div class=\"srp_track_description\"><\/div><\/li><\/ul><\/div><\/div><div class=\"album-store\"><\/div><\/div><script id=\"srp_js_params_69dacf503dad7\">\n        var srp_player_params_69dacf503dad7 = {\"title\":\"\",\"store_title_text\":\"\",\"albums\":[],\"hide_artwork\":\"true\",\"sticky_player\":0,\"show_album_market\":0,\"show_track_market\":\"true\",\"hide_timeline\":0,\"feed\":\"https:\\\/\\\/streaming.servicioswebmx.com\\\/8134\\\/stream\",\"feed_title\":\".\",\"progress_bar_style\":\"default\",\"wave_bar_width\":\"1\",\"wave_bar_gap\":\"1\",\"wave_color\":\"#f2f2f2\",\"wave_progress_color\":\"#f5f900\",\"player_layout\":\"skin_boxed_tracklist\",\"player_metas\":\"meta_track_title::div\",\"css\":\".iron-audioplayer{border-radius:10px;overflow:hidden;}.srp_meta, .srp_meta.album-title{color:#000000;}.control div, .control i, .srp-play-button .sricon-play, .album-player .srp_noteButton{color:#f4d211;}.control .play, .srp-play-circle, .sr_speedRate div{border-color:#f4d211;}.srp_player_boxed, .skin_floated .album-player{background-color:#000000;}.sr_progressbar .sonaar_fake_wave, .sr_progressbar .sonaar_wave_base, .sr_progressbar .sonaar_wave_cut{height:90px!important;}.playlist .song-store-list-menu .fa-ellipsis-v, .store-list .srp_ellipsis{color:#6e44ff;}\",\"orderby\":\"date\",\"order\":\"DESC\",\"use_play_label_with_icon\":\"false\",\"main_settings\":\"||\"} \n        var srp_player_params_args_69dacf503dad7 = {\"before_widget\":\"<article id=\\\"arbitrary-instance-69dacf503dad7\\\" class=\\\"iron_widget_radio\\\">\",\"after_widget\":\"<\\\/article>\",\"before_title\":\"<span class='heading-t3'><\\\/span><h3 class=\\\"widgettitle\\\">\",\"after_title\":\"<\\\/h3>\",\"widget_id\":\"arbitrary-instance-69dacf503dad7\"}  \n        <\/script><script>if(typeof setIronAudioplayers !== \"undefined\"){ setIronAudioplayers(\"arbitrary-instance-69dacf503dad7\"); }<\/script><\/article>Grupera Radio 103.5 FM, Emitiendo desde la ciudad de Quer\u00e9taro, M\u00e9xico.Gracias por escuchar nuestra se\u00f1al de radio, [&hellip;]<\/p>\n","protected":false},"author":1,"featured_media":0,"parent":0,"menu_order":0,"comment_status":"closed","ping_status":"closed","template":"","meta":{"_et_pb_use_builder":"on","_et_pb_old_content":"<!-- wp:divi\/placeholder \/-->","_et_gb_content_width":"","footnotes":""},"class_list":["post-64","page","type-page","status-publish","hentry"],"_links":{"self":[{"href":"https:\/\/servicioswebmx.com\/ios\/wp-json\/wp\/v2\/pages\/64","targetHints":{"allow":["GET"]}}],"collection":[{"href":"https:\/\/servicioswebmx.com\/ios\/wp-json\/wp\/v2\/pages"}],"about":[{"href":"https:\/\/servicioswebmx.com\/ios\/wp-json\/wp\/v2\/types\/page"}],"author":[{"embeddable":true,"href":"https:\/\/servicioswebmx.com\/ios\/wp-json\/wp\/v2\/users\/1"}],"replies":[{"embeddable":true,"href":"https:\/\/servicioswebmx.com\/ios\/wp-json\/wp\/v2\/comments?post=64"}],"version-history":[{"count":20,"href":"https:\/\/servicioswebmx.com\/ios\/wp-json\/wp\/v2\/pages\/64\/revisions"}],"predecessor-version":[{"id":212,"href":"https:\/\/servicioswebmx.com\/ios\/wp-json\/wp\/v2\/pages\/64\/revisions\/212"}],"wp:attachment":[{"href":"https:\/\/servicioswebmx.com\/ios\/wp-json\/wp\/v2\/media?parent=64"}],"curies":[{"name":"wp","href":"https:\/\/api.w.org\/{rel}","templated":true}]}}